{"id":2,"date":"2011-08-28T10:12:30","date_gmt":"2011-08-28T10:12:30","guid":{"rendered":"http:\/\/www.tachannes.de\/?page_id=2"},"modified":"2025-10-22T20:55:15","modified_gmt":"2025-10-22T20:55:15","slug":"beispiel-seite","status":"publish","type":"page","link":"https:\/\/www.tachannes.de\/","title":{"rendered":"Infos und Konzerte"},"content":{"rendered":"\n<p class=\"has-text-align-left\">Konzerte: Sonntag, den 19. Oktober 2025 um 15:00 Uhr im Kunstcaf\u00e9 The Barn in S\u00f6hlde. Ein &#8222;enges&#8220; ausverkauftes Konzert, aber wir haben es gemeinsam (Publikum, Caf\u00e9team und Band) gemeistert \ud83d\ude42 Danke an Britta vom Caf\u00e9 The Barn.<\/p>\n\n\n\n<hr class=\"wp-block-separator has-alpha-channel-opacity\"\/>\n\n\n\n<div class=\"wp-block-media-text is-stacked-on-mobile\" style=\"grid-template-columns:30% auto\"><figure class=\"wp-block-media-text__media\"><img loading=\"lazy\" decoding=\"async\" width=\"400\" height=\"400\" src=\"http:\/\/www.tachannes.de\/wp-content\/uploads\/2025\/06\/Cover-Unne-de-Lind-web.jpg\" alt=\"\" class=\"wp-image-1620 size-full\" srcset=\"https:\/\/www.tachannes.de\/wp-content\/uploads\/2025\/06\/Cover-Unne-de-Lind-web.jpg 400w, https:\/\/www.tachannes.de\/wp-content\/uploads\/2025\/06\/Cover-Unne-de-Lind-web-300x300.jpg 300w, https:\/\/www.tachannes.de\/wp-content\/uploads\/2025\/06\/Cover-Unne-de-Lind-web-150x150.jpg 150w\" sizes=\"auto, (max-width: 400px) 100vw, 400px\" \/><\/figure><div class=\"wp-block-media-text__content\">\n<p><\/p>\n\n\n\n<p><strong><mark style=\"background-color:rgba(0, 0, 0, 0)\" class=\"has-inline-color has-vivid-red-color\">Neu! <\/mark><\/strong>CD &#8222;Unne de Lind&#8220; mit 9 plattdeutschen Liedern<\/p>\n\n\n\n<p>Preis EUR 16.- inkl. Versand <\/p>\n\n\n\n<p>Im <a href=\"https:\/\/www.tachannes.de\/?page_id=295\" data-type=\"page\" data-id=\"295\">CD-Shop<\/a> gibt es auch die Freesenland-CD und das zugeh\u00f6rige Liedeboak<\/p>\n<\/div><\/div>\n\n\n\n<hr class=\"wp-block-separator has-alpha-channel-opacity\"\/>\n\n\n\n<p class=\"has-text-align-left\">Ein Interview mit Yared Dibaba vom NDR &#8211; auf Platt nat\u00fcrlich &#8211; ist verf\u00fcgbar als <a href=\"https:\/\/www.ndr.de\/ndrschlager\/platt-schnack-mucke-yared-dibaba-und-tachannes,audio-245154.html\" target=\"_blank\" rel=\"noopener\">Podcast<\/a>&nbsp;<\/p>\n\n\n<div class=\"wp-block-image\">\n<figure class=\"alignleft\"><a href=\"https:\/\/www.ndr.de\/ndrschlager\/platt-schnack-mucke-yared-dibaba-und-tachannes,audio-245154.html\" rel=\"attachment wp-att-1661\"><img loading=\"lazy\" decoding=\"async\" width=\"180\" height=\"180\" src=\"http:\/\/www.tachannes.de\/wp-content\/uploads\/2025\/07\/Tachannes-Yared.jpg\" alt=\"\" class=\"wp-image-1661\" srcset=\"https:\/\/www.tachannes.de\/wp-content\/uploads\/2025\/07\/Tachannes-Yared.jpg 180w, https:\/\/www.tachannes.de\/wp-content\/uploads\/2025\/07\/Tachannes-Yared-150x150.jpg 150w\" sizes=\"auto, (max-width: 180px) 100vw, 180px\" \/><\/a><\/figure>\n<\/div>\n\n\n<p class=\"has-text-align-left\">Es gibt dann doch einige Nachfragen (wor\u00fcber ich mich nat\u00fcrlich freue):<\/p>\n\n\n\n<p class=\"has-text-align-left\">Die besprochenen Buchtitel: &#8222;Kleine Geschichte Ostfrieslands&#8220; von Walter Deeters und &#8222;Das Leben eines Landarbeiters&#8220; von Franz Rehbein.<\/p>\n\n\n\n<p class=\"has-text-align-left\">Und ja, wir k\u00f6nnen auch live &#8230; und wie! Ein Foto vom Konzert Kulturnacht Braunschweig&nbsp; 2025<\/p>\n\n\n<div class=\"wp-block-image\">\n<figure class=\"aligncenter\"><a href=\"https:\/\/www.tachannes.de\/?attachment_id=1673\" rel=\"attachment wp-att-1673\"><img loading=\"lazy\" decoding=\"async\" width=\"888\" height=\"527\" src=\"http:\/\/www.tachannes.de\/wp-content\/uploads\/2025\/07\/Tachannes-Quartett_quer.jpg\" alt=\"\" class=\"wp-image-1673\" srcset=\"https:\/\/www.tachannes.de\/wp-content\/uploads\/2025\/07\/Tachannes-Quartett_quer.jpg 888w, https:\/\/www.tachannes.de\/wp-content\/uploads\/2025\/07\/Tachannes-Quartett_quer-300x178.jpg 300w, https:\/\/www.tachannes.de\/wp-content\/uploads\/2025\/07\/Tachannes-Quartett_quer-768x456.jpg 768w\" sizes=\"auto, (max-width: 888px) 100vw, 888px\" \/><\/a><\/figure>\n<\/div>\n\n\n<p><\/p>\n\n\n\n<p>Ich beantworte jede Anfrage. Manchmal stimmt die eingetragene Emailadresse nicht. Falls ihr keine R\u00fcckmeldung innerhalb von 3 Tagen von mir bekommt, bitte die Emailadresse noch einmal schicken.&nbsp;<\/p>\n\n\n\n<hr class=\"wp-block-separator has-alpha-channel-opacity\"\/>\n\n\n\n<p>Das neue plattdeutsche Album &#8222;Unne de Lind&#8220; ist bei <a href=\"https:\/\/open.spotify.com\/intl-de\/album\/5OiBEmbJwbcTkJZsMTXXbr?si=NJ-VJ9b1Sjy1_37j0AwR_Q\" target=\"_blank\" rel=\"noopener\">Spotify<\/a> und Co. zu h\u00f6ren und ab sofort als CD erh\u00e4ltlich -&gt; <a href=\"https:\/\/www.tachannes.de\/?page_id=295\">Shop<\/a><\/p>\n\n\n\n<hr class=\"wp-block-separator has-alpha-channel-opacity\"\/>\n\n\n\n<p class=\"has-text-align-left\">Sie wollen uns f\u00fcr ein Konzert einladen? Dann bitte <a href=\"http:\/\/www.tachannes.de\/?page_id=821\">hier<\/a> klicken<\/p>\n\n\n\n<hr class=\"wp-block-separator has-alpha-channel-opacity\"\/>\n\n\n<div class=\"wp-block-image\">\n<figure class=\"alignright\"><a href=\"https:\/\/www.tachannes.de\/?attachment_id=759\" rel=\"attachment wp-att-760\"><img loading=\"lazy\" decoding=\"async\" width=\"900\" height=\"600\" src=\"http:\/\/www.tachannes.de\/wp-content\/uploads\/2011\/08\/stranded-18.jpg\" alt=\"\" class=\"wp-image-759\" srcset=\"https:\/\/www.tachannes.de\/wp-content\/uploads\/2011\/08\/stranded-18.jpg 900w, https:\/\/www.tachannes.de\/wp-content\/uploads\/2011\/08\/stranded-18-300x200.jpg 300w\" sizes=\"auto, (max-width: 900px) 100vw, 900px\" \/><\/a><\/figure>\n<\/div>\n\n\n<p><\/p>\n\n\n\n<p><strong>Presseinfo<\/strong>: Die Lieder von Tachannes sind nicht am Rei\u00dfbrett konzipiert und gehorchen keinen festen Regeln. Wie auch? Sie sind ein direkter Ausdruck der Stimmungen und Gef\u00fchle aus dem Schmelztiegel des Lebens. So treffen sinnlich-romantische H\u00f6rerlebnisse mit gro\u00dfer emotionaler Tiefe auf bissig satirisches Liedgut, dargeboten vom hervorragend eingespielten Trio in der Besetzung Gitarre\/Vocals, Bass und Percussion\/Akkordeon. Zu h\u00f6ren sind ausschlie\u00dflich Eigenkompositionen mit vorwiegend deutschen und plattdeutschen Texten. Die plattdeutschen Lieder des Albums &#8222;Freesenland&#8220; werden auch im NDR1-Radio gespielt. Aktuell gibt ein neues Album &#8222;Unne de Lind&#8220;.&nbsp;<\/p>\n\n\n\n<p class=\"has-text-align-center\"><em>F\u00fcr<strong> noch mehr Tachannes <\/strong>bitte oben rechts <img loading=\"lazy\" decoding=\"async\" class=\"alignnone wp-image-815\" src=\"http:\/\/www.tachannes.de\/wp-content\/uploads\/2011\/08\/menu_symbol.jpg\" alt=\"menu_symbol\" width=\"20\" height=\"20\"> anklicken<\/em><\/p>\n\n\n\n<p class=\"has-text-align-center\"><div class=\"fcbkbttn_buttons_block\" id=\"fcbkbttn_left\"><div class=\"fcbkbttn_button\">\n\t\t\t\t\t<a href=\"https:\/\/www.facebook.com\/tachannes.siebelts\" target=\"_blank\">\n\t\t\t\t\t\t<img decoding=\"async\" src=\"https:\/\/www.tachannes.de\/wp-content\/plugins\/facebook-button-plugin\/images\/standard-facebook-ico.png\" alt=\"Fb-Button\" \/>\n\t\t\t\t\t<\/a>\n\t\t\t\t<\/div><\/div><\/p>\n\n\n\n<div class=\"wp-block-columns\">\n<div class=\"wp-block-column\">&nbsp;<\/div>\n<\/div>\n\n\n\n<p>&nbsp;<\/p>\n\n\n<\/p>\n<p><!-- \/wp:post-content --><\/p>\n<p><!-- \/wp:freeform --><\/p>","protected":false},"excerpt":{"rendered":"<p>Konzerte: Sonntag, den 19. Oktober 2025 um 15:00 Uhr im Kunstcaf\u00e9 The Barn in S\u00f6hlde. Ein &#8222;enges&#8220; ausverkauftes Konzert, aber wir haben es gemeinsam (Publikum, Caf\u00e9team und Band) gemeistert \ud83d\ude42 Danke an Britta vom Caf\u00e9 The Barn. Neu! CD &#8222;Unne de Lind&#8220; mit 9 plattdeutschen Liedern Preis EUR 16.- inkl. Versand Im CD-Shop gibt es [&hellip;]<\/p>\n","protected":false},"author":1,"featured_media":0,"parent":0,"menu_order":0,"comment_status":"closed","ping_status":"closed","template":"","meta":{"footnotes":""},"class_list":["post-2","page","type-page","status-publish","hentry"],"_links":{"self":[{"href":"https:\/\/www.tachannes.de\/index.php?rest_route=\/wp\/v2\/pages\/2","targetHints":{"allow":["GET"]}}],"collection":[{"href":"https:\/\/www.tachannes.de\/index.php?rest_route=\/wp\/v2\/pages"}],"about":[{"href":"https:\/\/www.tachannes.de\/index.php?rest_route=\/wp\/v2\/types\/page"}],"author":[{"embeddable":true,"href":"https:\/\/www.tachannes.de\/index.php?rest_route=\/wp\/v2\/users\/1"}],"replies":[{"embeddable":true,"href":"https:\/\/www.tachannes.de\/index.php?rest_route=%2Fwp%2Fv2%2Fcomments&post=2"}],"version-history":[{"count":186,"href":"https:\/\/www.tachannes.de\/index.php?rest_route=\/wp\/v2\/pages\/2\/revisions"}],"predecessor-version":[{"id":1730,"href":"https:\/\/www.tachannes.de\/index.php?rest_route=\/wp\/v2\/pages\/2\/revisions\/1730"}],"wp:attachment":[{"href":"https:\/\/www.tachannes.de\/index.php?rest_route=%2Fwp%2Fv2%2Fmedia&parent=2"}],"curies":[{"name":"wp","href":"https:\/\/api.w.org\/{rel}","templated":true}]}}